{"id":158,"date":"2021-01-17T11:36:24","date_gmt":"2021-01-17T10:36:24","guid":{"rendered":"https:\/\/casarredo.cz\/?page_id=158"},"modified":"2022-03-18T05:48:36","modified_gmt":"2022-03-18T04:48:36","slug":"podminky-spoluprace","status":"publish","type":"page","link":"https:\/\/casarredo.cz\/pl\/podminky-spoluprace\/","title":{"rendered":"Warunki wsp\u00f3\u0142pracy"},"content":{"rendered":"<p class=\"has-text-align-center has-medium-font-size\">If you are interested in cooperation, contact the person responsible for new customers:<\/p>\n\n\n\n<h3 class=\"has-text-align-center wp-block-heading\"><br>Jitka Havl\u00e1skov\u00e1<\/h3>\n\n\n\n<p class=\"has-text-align-center has-medium-font-size\"><i class=\"fas fa-phone\"><\/i> <strong><a href=\"tel:+420702063207\">+420 702 063 207<\/a><\/strong><br><i class=\"fas fa-envelope\"><\/i> <strong><a href=\"mailto:velkoobchod@casarredo.cz\">velkoobchod@casarredo.cz<\/a><\/strong><br><br><\/p>\n\n\n\n<ul class=\"wp-block-list\"><li>W czasie rozmowy telefonicznej om\u00f3wi\u0105 Pa\u0144stwo wst\u0119pne warunki wsp\u00f3\u0142pracy lub um\u00f3wi\u0105 si\u0119 na spotkanie<\/li><li>Prosimy przygotowa\u0107 dane kontaktowe do rejestracji Pa\u0144stwa firmy w naszym systemie<\/li><li>Po zako\u0144czeniu rejestracji i zalogowaniu si\u0119 na stronie <a href=\"https:\/\/www.komfort-nabytek.cz\" target=\"_blank\" rel=\"noreferrer noopener\">www.komfort-nabytek.cz<\/a> b\u0119d\u0105 widoczne ceny hurtowe i b\u0119d\u0105 Pa\u0144stwo mogli rozpocz\u0105\u0107 zakupy!<\/li><li>W zale\u017cno\u015bci od rodzaju wsp\u00f3\u0142pracy i indywidualnych uzgodnie\u0144 udost\u0119pnimy Pa\u0144stwu katalogi, pr\u00f3bki oraz dost\u0119p do XML feed<\/li><\/ul>","protected":false},"excerpt":{"rendered":"<p>If you are interested in cooperation, contact the person responsible for new customers: Jitka Havl\u00e1skov\u00e1 +420 702 063 207 velkoobchod@casarredo.cz W czasie rozmowy telefonicznej om\u00f3wi\u0105 Pa\u0144stwo wst\u0119pne warunki wsp\u00f3\u0142pracy lub um\u00f3wi\u0105 si\u0119 na spotkanie Prosimy przygotowa\u0107 dane kontaktowe do rejestracji Pa\u0144stwa firmy w naszym systemie Po zako\u0144czeniu rejestracji i zalogowaniu si\u0119 na stronie www.komfort-nabytek.cz b\u0119d\u0105 [&hellip;]<\/p>\n","protected":false},"author":1,"featured_media":0,"parent":0,"menu_order":0,"comment_status":"closed","ping_status":"closed","template":"","meta":{"_acf_changed":false,"footnotes":""},"class_list":["post-158","page","type-page","status-publish","hentry"],"acf":[],"yoast_head":"<!-- This site is optimized with the Yoast SEO plugin v27.1.1 - https:\/\/yoast.com\/product\/yoast-seo-wordpress\/ -->\n<title>Warunki wsp\u00f3\u0142pracy - Casarredo<\/title>\n<meta name=\"description\" content=\"Velkoobchod s n\u00e1bytkem CASARREDO p\u016fsob\u00edc\u00ed na \u010desk\u00e9m a slovensk\u00e9m trhu od roku 2007. Jsme p\u0159\u00edm\u00fd dovozce n\u00e1bytku od evropsk\u00fdch a asijsk\u00fdch v\u00fdrobc\u016f, ale spolupracujeme tak\u00e9 s \u010desk\u00fdmi a slovensk\u00fdmi dodavateli. Zam\u011b\u0159ujeme se p\u0159ev\u00e1\u017en\u011b na interi\u00e9rov\u00fd n\u00e1bytek, ale v na\u0161\u00ed nab\u00eddce naleznete tak\u00e9 zahradn\u00ed n\u00e1bytek a bytov\u00e9 dopl\u0148ky.\" \/>\n<meta name=\"robots\" content=\"index, follow, max-snippet:-1, max-image-preview:large, max-video-preview:-1\" \/>\n<link rel=\"canonical\" href=\"https:\/\/casarredo.cz\/pl\/podminky-spoluprace\/\" \/>\n<meta property=\"og:locale\" content=\"pl_PL\" \/>\n<meta property=\"og:type\" content=\"article\" \/>\n<meta property=\"og:title\" content=\"Warunki wsp\u00f3\u0142pracy - Casarredo\" \/>\n<meta property=\"og:description\" content=\"Velkoobchod s n\u00e1bytkem CASARREDO p\u016fsob\u00edc\u00ed na \u010desk\u00e9m a slovensk\u00e9m trhu od roku 2007. Jsme p\u0159\u00edm\u00fd dovozce n\u00e1bytku od evropsk\u00fdch a asijsk\u00fdch v\u00fdrobc\u016f, ale spolupracujeme tak\u00e9 s \u010desk\u00fdmi a slovensk\u00fdmi dodavateli. Zam\u011b\u0159ujeme se p\u0159ev\u00e1\u017en\u011b na interi\u00e9rov\u00fd n\u00e1bytek, ale v na\u0161\u00ed nab\u00eddce naleznete tak\u00e9 zahradn\u00ed n\u00e1bytek a bytov\u00e9 dopl\u0148ky.\" \/>\n<meta property=\"og:url\" content=\"https:\/\/casarredo.cz\/pl\/podminky-spoluprace\/\" \/>\n<meta property=\"og:site_name\" content=\"Casarredo\" \/>\n<meta property=\"article:modified_time\" content=\"2022-03-18T04:48:36+00:00\" \/>\n<meta name=\"twitter:card\" content=\"summary_large_image\" \/>\n<meta name=\"twitter:label1\" content=\"Szacowany czas czytania\" \/>\n\t<meta name=\"twitter:data1\" content=\"1 minuta\" \/>\n<script type=\"application\/ld+json\" class=\"yoast-schema-graph\">{\"@context\":\"https:\/\/schema.org\",\"@graph\":[{\"@type\":\"WebPage\",\"@id\":\"https:\/\/casarredo.cz\/pl\/podminky-spoluprace\/\",\"url\":\"https:\/\/casarredo.cz\/pl\/podminky-spoluprace\/\",\"name\":\"Warunki wsp\u00f3\u0142pracy - Casarredo\",\"isPartOf\":{\"@id\":\"https:\/\/casarredo.cz\/pl\/ru\/#website\"},\"datePublished\":\"2021-01-17T10:36:24+00:00\",\"dateModified\":\"2022-03-18T04:48:36+00:00\",\"description\":\"Velkoobchod s n\u00e1bytkem CASARREDO p\u016fsob\u00edc\u00ed na \u010desk\u00e9m a slovensk\u00e9m trhu od roku 2007. Jsme p\u0159\u00edm\u00fd dovozce n\u00e1bytku od evropsk\u00fdch a asijsk\u00fdch v\u00fdrobc\u016f, ale spolupracujeme tak\u00e9 s \u010desk\u00fdmi a slovensk\u00fdmi dodavateli. Zam\u011b\u0159ujeme se p\u0159ev\u00e1\u017en\u011b na interi\u00e9rov\u00fd n\u00e1bytek, ale v na\u0161\u00ed nab\u00eddce naleznete tak\u00e9 zahradn\u00ed n\u00e1bytek a bytov\u00e9 dopl\u0148ky.\",\"breadcrumb\":{\"@id\":\"https:\/\/casarredo.cz\/pl\/podminky-spoluprace\/#breadcrumb\"},\"inLanguage\":\"pl-PL\",\"potentialAction\":[{\"@type\":\"ReadAction\",\"target\":[[\"https:\/\/casarredo.cz\/pl\/podminky-spoluprace\/\"]]}]},{\"@type\":\"BreadcrumbList\",\"@id\":\"https:\/\/casarredo.cz\/pl\/podminky-spoluprace\/#breadcrumb\",\"itemListElement\":[{\"@type\":\"ListItem\",\"position\":1,\"name\":\"Dom\u016f\",\"item\":\"https:\/\/casarredo.cz\/pl\/\"},{\"@type\":\"ListItem\",\"position\":2,\"name\":\"Podm\u00ednky spolupr\u00e1ce\"}]},{\"@type\":\"WebSite\",\"@id\":\"https:\/\/casarredo.cz\/pl\/ru\/#website\",\"url\":\"https:\/\/casarredo.cz\/pl\/ru\/\",\"name\":\"Casarredo\",\"description\":\"Moder\u00ed internetov\u00fd velkoobchod s n\u00e1bytkem\",\"publisher\":{\"@id\":\"https:\/\/casarredo.cz\/pl\/ru\/#organization\"},\"potentialAction\":[{\"@type\":\"SearchAction\",\"target\":{\"@type\":\"EntryPoint\",\"urlTemplate\":\"https:\/\/casarredo.cz\/pl\/ru\/?s={search_term_string}\"},\"query-input\":{\"@type\":\"PropertyValueSpecification\",\"valueRequired\":true,\"valueName\":\"search_term_string\"}}],\"inLanguage\":\"pl-PL\"},{\"@type\":\"Organization\",\"@id\":\"https:\/\/casarredo.cz\/pl\/ru\/#organization\",\"name\":\"CASARREDO, s.r.o.\",\"url\":\"https:\/\/casarredo.cz\/pl\/ru\/\",\"logo\":{\"@type\":\"ImageObject\",\"inLanguage\":\"pl-PL\",\"@id\":\"https:\/\/casarredo.cz\/pl\/ru\/#\/schema\/logo\/image\/\",\"url\":\"https:\/\/casarredo.cz\/wp-content\/uploads\/2021\/03\/logo.png\",\"contentUrl\":\"https:\/\/casarredo.cz\/wp-content\/uploads\/2021\/03\/logo.png\",\"width\":150,\"height\":66,\"caption\":\"CASARREDO, s.r.o.\"},\"image\":{\"@id\":\"https:\/\/casarredo.cz\/pl\/ru\/#\/schema\/logo\/image\/\"}}]}<\/script>\n<!-- \/ Yoast SEO plugin. -->","yoast_head_json":{"title":"Warunki wsp\u00f3\u0142pracy - Casarredo","description":"Velkoobchod s n\u00e1bytkem CASARREDO p\u016fsob\u00edc\u00ed na \u010desk\u00e9m a slovensk\u00e9m trhu od roku 2007. Jsme p\u0159\u00edm\u00fd dovozce n\u00e1bytku od evropsk\u00fdch a asijsk\u00fdch v\u00fdrobc\u016f, ale spolupracujeme tak\u00e9 s \u010desk\u00fdmi a slovensk\u00fdmi dodavateli. Zam\u011b\u0159ujeme se p\u0159ev\u00e1\u017en\u011b na interi\u00e9rov\u00fd n\u00e1bytek, ale v na\u0161\u00ed nab\u00eddce naleznete tak\u00e9 zahradn\u00ed n\u00e1bytek a bytov\u00e9 dopl\u0148ky.","robots":{"index":"index","follow":"follow","max-snippet":"max-snippet:-1","max-image-preview":"max-image-preview:large","max-video-preview":"max-video-preview:-1"},"canonical":"https:\/\/casarredo.cz\/pl\/podminky-spoluprace\/","og_locale":"pl_PL","og_type":"article","og_title":"Warunki wsp\u00f3\u0142pracy - Casarredo","og_description":"Velkoobchod s n\u00e1bytkem CASARREDO p\u016fsob\u00edc\u00ed na \u010desk\u00e9m a slovensk\u00e9m trhu od roku 2007. Jsme p\u0159\u00edm\u00fd dovozce n\u00e1bytku od evropsk\u00fdch a asijsk\u00fdch v\u00fdrobc\u016f, ale spolupracujeme tak\u00e9 s \u010desk\u00fdmi a slovensk\u00fdmi dodavateli. Zam\u011b\u0159ujeme se p\u0159ev\u00e1\u017en\u011b na interi\u00e9rov\u00fd n\u00e1bytek, ale v na\u0161\u00ed nab\u00eddce naleznete tak\u00e9 zahradn\u00ed n\u00e1bytek a bytov\u00e9 dopl\u0148ky.","og_url":"https:\/\/casarredo.cz\/pl\/podminky-spoluprace\/","og_site_name":"Casarredo","article_modified_time":"2022-03-18T04:48:36+00:00","twitter_card":"summary_large_image","twitter_misc":{"Szacowany czas czytania":"1 minuta"},"schema":{"@context":"https:\/\/schema.org","@graph":[{"@type":"WebPage","@id":"https:\/\/casarredo.cz\/pl\/podminky-spoluprace\/","url":"https:\/\/casarredo.cz\/pl\/podminky-spoluprace\/","name":"Warunki wsp\u00f3\u0142pracy - Casarredo","isPartOf":{"@id":"https:\/\/casarredo.cz\/pl\/ru\/#website"},"datePublished":"2021-01-17T10:36:24+00:00","dateModified":"2022-03-18T04:48:36+00:00","description":"Velkoobchod s n\u00e1bytkem CASARREDO p\u016fsob\u00edc\u00ed na \u010desk\u00e9m a slovensk\u00e9m trhu od roku 2007. Jsme p\u0159\u00edm\u00fd dovozce n\u00e1bytku od evropsk\u00fdch a asijsk\u00fdch v\u00fdrobc\u016f, ale spolupracujeme tak\u00e9 s \u010desk\u00fdmi a slovensk\u00fdmi dodavateli. Zam\u011b\u0159ujeme se p\u0159ev\u00e1\u017en\u011b na interi\u00e9rov\u00fd n\u00e1bytek, ale v na\u0161\u00ed nab\u00eddce naleznete tak\u00e9 zahradn\u00ed n\u00e1bytek a bytov\u00e9 dopl\u0148ky.","breadcrumb":{"@id":"https:\/\/casarredo.cz\/pl\/podminky-spoluprace\/#breadcrumb"},"inLanguage":"pl-PL","potentialAction":[{"@type":"ReadAction","target":[["https:\/\/casarredo.cz\/pl\/podminky-spoluprace\/"]]}]},{"@type":"BreadcrumbList","@id":"https:\/\/casarredo.cz\/pl\/podminky-spoluprace\/#breadcrumb","itemListElement":[{"@type":"ListItem","position":1,"name":"Dom\u016f","item":"https:\/\/casarredo.cz\/pl\/"},{"@type":"ListItem","position":2,"name":"Podm\u00ednky spolupr\u00e1ce"}]},{"@type":"WebSite","@id":"https:\/\/casarredo.cz\/pl\/ru\/#website","url":"https:\/\/casarredo.cz\/pl\/ru\/","name":"Casarredo","description":"Moder\u00ed internetov\u00fd velkoobchod s n\u00e1bytkem","publisher":{"@id":"https:\/\/casarredo.cz\/pl\/ru\/#organization"},"potentialAction":[{"@type":"SearchAction","target":{"@type":"EntryPoint","urlTemplate":"https:\/\/casarredo.cz\/pl\/ru\/?s={search_term_string}"},"query-input":{"@type":"PropertyValueSpecification","valueRequired":true,"valueName":"search_term_string"}}],"inLanguage":"pl-PL"},{"@type":"Organization","@id":"https:\/\/casarredo.cz\/pl\/ru\/#organization","name":"CASARREDO, s.r.o.","url":"https:\/\/casarredo.cz\/pl\/ru\/","logo":{"@type":"ImageObject","inLanguage":"pl-PL","@id":"https:\/\/casarredo.cz\/pl\/ru\/#\/schema\/logo\/image\/","url":"https:\/\/casarredo.cz\/wp-content\/uploads\/2021\/03\/logo.png","contentUrl":"https:\/\/casarredo.cz\/wp-content\/uploads\/2021\/03\/logo.png","width":150,"height":66,"caption":"CASARREDO, s.r.o."},"image":{"@id":"https:\/\/casarredo.cz\/pl\/ru\/#\/schema\/logo\/image\/"}}]}},"_links":{"self":[{"href":"https:\/\/casarredo.cz\/pl\/wp-json\/wp\/v2\/pages\/158","targetHints":{"allow":["GET"]}}],"collection":[{"href":"https:\/\/casarredo.cz\/pl\/wp-json\/wp\/v2\/pages"}],"about":[{"href":"https:\/\/casarredo.cz\/pl\/wp-json\/wp\/v2\/types\/page"}],"author":[{"embeddable":true,"href":"https:\/\/casarredo.cz\/pl\/wp-json\/wp\/v2\/users\/1"}],"replies":[{"embeddable":true,"href":"https:\/\/casarredo.cz\/pl\/wp-json\/wp\/v2\/comments?post=158"}],"version-history":[{"count":21,"href":"https:\/\/casarredo.cz\/pl\/wp-json\/wp\/v2\/pages\/158\/revisions"}],"predecessor-version":[{"id":368,"href":"https:\/\/casarredo.cz\/pl\/wp-json\/wp\/v2\/pages\/158\/revisions\/368"}],"wp:attachment":[{"href":"https:\/\/casarredo.cz\/pl\/wp-json\/wp\/v2\/media?parent=158"}],"curies":[{"name":"wp","href":"https:\/\/api.w.org\/{rel}","templated":true}]}}